{"id":874,"date":"2017-06-08T07:13:45","date_gmt":"2017-06-08T07:13:45","guid":{"rendered":"http:\/\/negan.la-studioweb.com\/?page_id=874"},"modified":"2021-11-17T02:46:13","modified_gmt":"2021-11-17T02:46:13","slug":"about-us-02","status":"publish","type":"page","link":"https:\/\/rambusmayoreomx.com\/index.php\/about-us-02\/","title":{"rendered":"Qui\u00e9nes somos"},"content":{"rendered":"<p>[vc_row][vc_column offset=&#8221;vc_col-lg-offset-2 vc_col-lg-8 vc_col-md-offset-1 vc_col-md-10&#8243;][vc_single_image image=&#8221;876&#8243; img_size=&#8221;full&#8221; alignment=&#8221;center&#8221;][la_heading title=&#8221;M\u00e1s de 10 a\u00f1os en el negocio&#8221; subtitle_class=&#8221;three-font-family&#8221; subtitle_fz=&#8221;lg:14px;&#8221; subtitle_lh=&#8221;lg:30px;&#8221; title_class=&#8221;font-weight-400 margin-bottom-30 margin-top-0&#8243; css=&#8221;.vc_custom_1637116853387{padding-top: 15px !important;}&#8221;]RAMBUS trae para ti la mejor ropa al mejor precio de mayoreo puedes realizar todas tus compras sin necesidad de salir de casa y recibiendo en tu negocio.<\/p>\n<p>[\/la_heading][vc_column_text el_class=&#8221;line-height-30&#8243;]<\/p>\n<p style=\"text-align: center;\">Simplificamos la manera de abastecer tu negocio, ofreci\u00e9ndote cientos de modelos con variedad de colores , los mejores precios y recibi\u00e9ndolo a trav\u00e9s de las mejores paqueter\u00edas en la comodidad de tu negocio.<\/p>\n<p style=\"text-align: center;\">Empieza a ganar dinero \u00a0y a llevar la mejor calidad a tus clientes.<br \/>\nSi tienes dudas puedes comunicarte con nosotros a trav\u00e9s de WhatsApp.<\/p>\n<p>[\/vc_column_text][\/vc_column][\/vc_row][vc_row][vc_column width=&#8221;5\/6&#8243; offset=&#8221;vc_col-lg-offset-3 vc_col-lg-6 vc_col-md-offset-2 vc_col-md-8 vc_col-sm-offset-1&#8243;][la_heading spacer=&#8221;line&#8221; spacer_position=&#8221;middle&#8221; line_height=&#8221;1&#8243; title=&#8221;Lo que nuestros clientes dicen&#8221; line_width=&#8221;lg:50px;&#8221; line_color=&#8221;#9d9d9d&#8221; subtitle_class=&#8221;three-font-family text-color-three font-size-14&#8243;][\/la_heading][la_divider height=&#8221;lg:30px;&#8221;][la_testimonial enable_carousel=&#8221;yes&#8221; scroll_speed=&#8221;1000&#8243; advanced_opts=&#8221;loop,dot&#8221; ids=&#8221;218, 215, 241&#8243; column=&#8221;xlg:1;lg:1;md:1;sm:1;xs:1;mb:1;&#8221;][la_divider height=&#8221;lg:15px;&#8221;][\/vc_column][\/vc_row]<\/p>\n","protected":false},"excerpt":{"rendered":"<p>[vc_row][vc_column offset=&#8221;vc_col-lg-offset-2 vc_col-lg-8 vc_col-md-offset-1 vc_col-md-10&#8243;][vc_single_image image=&#8221;876&#8243; img_size=&#8221;full&#8221; alignment=&#8221;center&#8221;][la_heading title=&#8221;M\u00e1s de 10 a\u00f1os en el negocio&#8221; subtitle_class=&#8221;three-font-family&#8221; subtitle_fz=&#8221;lg:14px;&#8221; subtitle_lh=&#8221;lg:30px;&#8221; title_class=&#8221;font-weight-400 margin-bottom-30 margin-top-0&#8243; css=&#8221;.vc_custom_1637116853387{padding-top: 15px !important;}&#8221;]RAMBUS trae para ti la mejor ropa al mejor precio de mayoreo puedes realizar todas tus compras sin necesidad de salir de casa y recibiendo en tu negocio. [\/la_heading][vc_column_text el_class=&#8221;line-height-30&#8243;] Simplificamos la manera de abastecer tu negocio,&hellip;<\/p>\n","protected":false},"author":1,"featured_media":0,"parent":0,"menu_order":0,"comment_status":"closed","ping_status":"closed","template":"","meta":[],"_links":{"self":[{"href":"https:\/\/rambusmayoreomx.com\/index.php\/wp-json\/wp\/v2\/pages\/874"}],"collection":[{"href":"https:\/\/rambusmayoreomx.com\/index.php\/wp-json\/wp\/v2\/pages"}],"about":[{"href":"https:\/\/rambusmayoreomx.com\/index.php\/wp-json\/wp\/v2\/types\/page"}],"author":[{"embeddable":true,"href":"https:\/\/rambusmayoreomx.com\/index.php\/wp-json\/wp\/v2\/users\/1"}],"replies":[{"embeddable":true,"href":"https:\/\/rambusmayoreomx.com\/index.php\/wp-json\/wp\/v2\/comments?post=874"}],"version-history":[{"count":6,"href":"https:\/\/rambusmayoreomx.com\/index.php\/wp-json\/wp\/v2\/pages\/874\/revisions"}],"predecessor-version":[{"id":1244,"href":"https:\/\/rambusmayoreomx.com\/index.php\/wp-json\/wp\/v2\/pages\/874\/revisions\/1244"}],"wp:attachment":[{"href":"https:\/\/rambusmayoreomx.com\/index.php\/wp-json\/wp\/v2\/media?parent=874"}],"curies":[{"name":"wp","href":"https:\/\/api.w.org\/{rel}","templated":true}]}}