{"id":945,"date":"2017-06-09T07:35:53","date_gmt":"2017-06-09T07:35:53","guid":{"rendered":"http:\/\/negan.la-studioweb.com\/?page_id=945"},"modified":"2021-11-17T03:09:58","modified_gmt":"2021-11-17T03:09:58","slug":"faqs-01","status":"publish","type":"page","link":"https:\/\/rambusmayoreomx.com\/index.php\/faqs-01\/","title":{"rendered":"Preguntas frecuentes"},"content":{"rendered":"<p>[vc_section][vc_row][vc_column width=&#8221;5\/6&#8243; offset=&#8221;vc_col-md-offset-3 vc_col-md-6 vc_col-sm-offset-1&#8243;][la_heading title=&#8221;Preguntas frecuentes&#8221; subtitle_class=&#8221;font-size-14 text-color-three three-font-family margin-top-10&#8243;]Queremos resolver todas tus dudas. Si no encuentras aqu\u00ed la respuesta que necesitas puedes contactarnos a trav\u00e9s de WhatsApp.[\/la_heading][la_divider height=&#8221;lg:55px;&#8221;][\/vc_column][\/vc_row][vc_row][vc_column width=&#8221;1\/2&#8243;][vc_tta_accordion style=&#8221;la-3&#8243; c_position=&#8221;right&#8221; active_section=&#8221;0&#8243; collapsible_all=&#8221;true&#8221;][vc_tta_section title=&#8221;\u00bfTienen local o tienda f\u00edsica?&#8221; tab_id=&#8221;1488974575494-b255f031-c95b&#8221;][vc_column_text]No tenemos locales, toda nuestra venta es 100% en l\u00ednea la mercanc\u00eda se env\u00eda a cualquier parte de la Rep\u00fablica Mexicana, tu compra es completamente segura.[\/vc_column_text][\/vc_tta_section][vc_tta_section title=&#8221;\u00bfHacen entregas personales? &#8221; tab_id=&#8221;1488974575641-efcb8b13-4e8c&#8221;][vc_column_text]Por seguridad de nuestros clientes as\u00ed como de nuestro personal solo usamos servicios de mensajer\u00eda reconocidos que se encargan de las entregas. Tampoco aceptamos pago contra entrega.[\/vc_column_text][\/vc_tta_section][vc_tta_section title=&#8221;\u00bfCu\u00e1nto cuesta el env\u00edo? &#8221; tab_id=&#8221;1488974575810-f97a29cf-72f1&#8243;][vc_column_text]El costo de los env\u00edos var\u00edan debido al peso de las cajas.[\/vc_column_text][\/vc_tta_section][vc_tta_section title=&#8221;Nullam dignissim lectus diam, vitae elementum ?&#8221; tab_id=&#8221;1488974576020-f1db1505-2803&#8243;][vc_column_text]Vivamus feugiat, eros pretium porta porttitor, tortor ligula venenatis elit, ac porta turpis neque ut neque. In condimentum massa lacus, rutrum sollicitudin ligula lobortis ac. Aenean interdum accumsan leo, quis convallis nisi sagittis ac. Suspendisse malesuada ullamcorper fermentum. Vestibulum viverra interdum mauris.[\/vc_column_text][\/vc_tta_section][vc_tta_section title=&#8221;Maecenas malesuada malesuad ?&#8221; tab_id=&#8221;1488974576167-916b9b63-ec08&#8243;][vc_column_text]Vivamus feugiat, eros pretium porta porttitor, tortor ligula venenatis elit, ac porta turpis neque ut neque. In condimentum massa lacus, rutrum sollicitudin ligula lobortis ac. Aenean interdum accumsan leo, quis convallis nisi sagittis ac. Suspendisse malesuada ullamcorper fermentum. Vestibulum viverra interdum mauris.[\/vc_column_text][\/vc_tta_section][\/vc_tta_accordion][\/vc_column][vc_column width=&#8221;1\/2&#8243;][vc_tta_accordion style=&#8221;la-3&#8243; c_position=&#8221;right&#8221; active_section=&#8221;0&#8243; collapsible_all=&#8221;true&#8221;][vc_tta_section title=&#8221;Lorem ipsum dolor sit amet, consectetur adipisc ?&#8221; tab_id=&#8221;1488974576514-23980ac9-2516&#8243;][vc_column_text]Vivamus feugiat, eros pretium porta porttitor, tortor ligula venenatis elit, ac porta turpis neque ut neque. In condimentum massa lacus, rutrum sollicitudin ligula lobortis ac. Aenean interdum accumsan leo, quis convallis nisi sagittis ac. Suspendisse malesuada ullamcorper fermentum. Vestibulum viverra interdum mauris.[\/vc_column_text][\/vc_tta_section][vc_tta_section title=&#8221;Vivamus feugiat, eros pretium porta ?&#8221; tab_id=&#8221;1488974576687-35e6c75f-3ae3&#8243;][vc_column_text]Vivamus feugiat, eros pretium porta porttitor, tortor ligula venenatis elit, ac porta turpis neque ut neque. In condimentum massa lacus, rutrum sollicitudin ligula lobortis ac. Aenean interdum accumsan leo, quis convallis nisi sagittis ac. Suspendisse malesuada ullamcorper fermentum. Vestibulum viverra interdum mauris.[\/vc_column_text][\/vc_tta_section][vc_tta_section title=&#8221;Donec molestie vitae turpis a efficitur ?&#8221; tab_id=&#8221;1488974576909-027f7a8e-9752&#8243;][vc_column_text]Vivamus feugiat, eros pretium porta porttitor, tortor ligula venenatis elit, ac porta turpis neque ut neque. In condimentum massa lacus, rutrum sollicitudin ligula lobortis ac. Aenean interdum accumsan leo, quis convallis nisi sagittis ac. Suspendisse malesuada ullamcorper fermentum. Vestibulum viverra interdum mauris.[\/vc_column_text][\/vc_tta_section][vc_tta_section title=&#8221;Nullam dignissim lectus diam, vitae elementum ?&#8221; tab_id=&#8221;1488974577106-214976e4-6989&#8243;][vc_column_text]Vivamus feugiat, eros pretium porta porttitor, tortor ligula venenatis elit, ac porta turpis neque ut neque. In condimentum massa lacus, rutrum sollicitudin ligula lobortis ac. Aenean interdum accumsan leo, quis convallis nisi sagittis ac. Suspendisse malesuada ullamcorper fermentum. Vestibulum viverra interdum mauris.[\/vc_column_text][\/vc_tta_section][vc_tta_section title=&#8221;Maecenas malesuada malesuad ?&#8221; tab_id=&#8221;1488974577298-d072a7fc-f2cb&#8221;][vc_column_text]Vivamus feugiat, eros pretium porta porttitor, tortor ligula venenatis elit, ac porta turpis neque ut neque. In condimentum massa lacus, rutrum sollicitudin ligula lobortis ac. Aenean interdum accumsan leo, quis convallis nisi sagittis ac. Suspendisse malesuada ullamcorper fermentum. Vestibulum viverra interdum mauris.[\/vc_column_text][\/vc_tta_section][\/vc_tta_accordion][\/vc_column][\/vc_row][vc_row][vc_column][la_divider height=&#8221;lg:100px;&#8221;][\/vc_column][\/vc_row][\/vc_section]<\/p>\n","protected":false},"excerpt":{"rendered":"<p>[vc_section][vc_row][vc_column width=&#8221;5\/6&#8243; offset=&#8221;vc_col-md-offset-3 vc_col-md-6 vc_col-sm-offset-1&#8243;][la_heading title=&#8221;Preguntas frecuentes&#8221; subtitle_class=&#8221;font-size-14 text-color-three three-font-family margin-top-10&#8243;]Queremos resolver todas tus dudas. Si no encuentras aqu\u00ed la respuesta que necesitas puedes contactarnos a trav\u00e9s de WhatsApp.[\/la_heading][la_divider height=&#8221;lg:55px;&#8221;][\/vc_column][\/vc_row][vc_row][vc_column width=&#8221;1\/2&#8243;][vc_tta_accordion style=&#8221;la-3&#8243; c_position=&#8221;right&#8221; active_section=&#8221;0&#8243; collapsible_all=&#8221;true&#8221;][vc_tta_section title=&#8221;\u00bfTienen local o tienda f\u00edsica?&#8221; tab_id=&#8221;1488974575494-b255f031-c95b&#8221;][vc_column_text]No tenemos locales, toda nuestra venta es 100% en l\u00ednea la mercanc\u00eda se env\u00eda a cualquier parte de la Rep\u00fablica&hellip;<\/p>\n","protected":false},"author":1,"featured_media":0,"parent":0,"menu_order":0,"comment_status":"closed","ping_status":"closed","template":"","meta":[],"_links":{"self":[{"href":"https:\/\/rambusmayoreomx.com\/index.php\/wp-json\/wp\/v2\/pages\/945"}],"collection":[{"href":"https:\/\/rambusmayoreomx.com\/index.php\/wp-json\/wp\/v2\/pages"}],"about":[{"href":"https:\/\/rambusmayoreomx.com\/index.php\/wp-json\/wp\/v2\/types\/page"}],"author":[{"embeddable":true,"href":"https:\/\/rambusmayoreomx.com\/index.php\/wp-json\/wp\/v2\/users\/1"}],"replies":[{"embeddable":true,"href":"https:\/\/rambusmayoreomx.com\/index.php\/wp-json\/wp\/v2\/comments?post=945"}],"version-history":[{"count":5,"href":"https:\/\/rambusmayoreomx.com\/index.php\/wp-json\/wp\/v2\/pages\/945\/revisions"}],"predecessor-version":[{"id":1257,"href":"https:\/\/rambusmayoreomx.com\/index.php\/wp-json\/wp\/v2\/pages\/945\/revisions\/1257"}],"wp:attachment":[{"href":"https:\/\/rambusmayoreomx.com\/index.php\/wp-json\/wp\/v2\/media?parent=945"}],"curies":[{"name":"wp","href":"https:\/\/api.w.org\/{rel}","templated":true}]}}